{"id":102,"date":"2023-11-06T15:31:42","date_gmt":"2023-11-06T14:31:42","guid":{"rendered":"http:\/\/192.168.1.111\/wordpress\/?page_id=102"},"modified":"2024-03-15T10:45:59","modified_gmt":"2024-03-15T09:45:59","slug":"logo","status":"publish","type":"page","link":"https:\/\/paulinemonsallier.fr\/?page_id=102","title":{"rendered":"Logo"},"content":{"rendered":"\n\n\n<p>Ce logo m&rsquo;a \u00e9t\u00e9 command\u00e9 par un artisan couvreur.<br>Le logo devait \u00eatre simple, innovant et amusant.<br>Le client souhaitait l&rsquo;utilisation du jaune et du noir tout en faisant ressortir le cot\u00e9 construction de b\u00e2timent et l&rsquo;approche du bois.<br><br><\/p>\n\n\n\n\n<div class=\"wp-block-image is-style-default\">\n<figure class=\"aligncenter size-full is-resized\"><img loading=\"lazy\" decoding=\"async\" width=\"1200\" height=\"900\" src=\"https:\/\/paulinemonsallier.fr\/wp-content\/uploads\/2023\/11\/carte-de-visite-petit.png\" alt=\"\" class=\"wp-image-422\" style=\"aspect-ratio:1.0186335403726707;width:992px;height:auto\" srcset=\"https:\/\/paulinemonsallier.fr\/wp-content\/uploads\/2023\/11\/carte-de-visite-petit.png 1200w, https:\/\/paulinemonsallier.fr\/wp-content\/uploads\/2023\/11\/carte-de-visite-petit-300x225.png 300w, https:\/\/paulinemonsallier.fr\/wp-content\/uploads\/2023\/11\/carte-de-visite-petit-1024x768.png 1024w, https:\/\/paulinemonsallier.fr\/wp-content\/uploads\/2023\/11\/carte-de-visite-petit-768x576.png 768w\" sizes=\"auto, (max-width: 1200px) 100vw, 1200px\" \/><\/figure>\n<\/div>\n\n\n\n\n\n\n\n\n\n","protected":false},"excerpt":{"rendered":"<p>Ce logo m&rsquo;a \u00e9t\u00e9 command\u00e9 par un artisan couvreur.Le logo devait \u00eatre simple, innovant et amusant.Le client souhaitait l&rsquo;utilisation du jaune et du noir tout en faisant ressortir le cot\u00e9 construction de b\u00e2timent et l&rsquo;approche du bois.<\/p>\n","protected":false},"author":1,"featured_media":0,"parent":0,"menu_order":0,"comment_status":"closed","ping_status":"closed","template":"","meta":{"saved_in_kubio":true,"footnotes":""},"class_list":["post-102","page","type-page","status-publish","hentry"],"kubio_ai_page_context":{"short_desc":"","purpose":"general"},"_links":{"self":[{"href":"https:\/\/paulinemonsallier.fr\/index.php?rest_route=\/wp\/v2\/pages\/102","targetHints":{"allow":["GET"]}}],"collection":[{"href":"https:\/\/paulinemonsallier.fr\/index.php?rest_route=\/wp\/v2\/pages"}],"about":[{"href":"https:\/\/paulinemonsallier.fr\/index.php?rest_route=\/wp\/v2\/types\/page"}],"author":[{"embeddable":true,"href":"https:\/\/paulinemonsallier.fr\/index.php?rest_route=\/wp\/v2\/users\/1"}],"replies":[{"embeddable":true,"href":"https:\/\/paulinemonsallier.fr\/index.php?rest_route=%2Fwp%2Fv2%2Fcomments&post=102"}],"version-history":[{"count":21,"href":"https:\/\/paulinemonsallier.fr\/index.php?rest_route=\/wp\/v2\/pages\/102\/revisions"}],"predecessor-version":[{"id":623,"href":"https:\/\/paulinemonsallier.fr\/index.php?rest_route=\/wp\/v2\/pages\/102\/revisions\/623"}],"wp:attachment":[{"href":"https:\/\/paulinemonsallier.fr\/index.php?rest_route=%2Fwp%2Fv2%2Fmedia&parent=102"}],"curies":[{"name":"wp","href":"https:\/\/api.w.org\/{rel}","templated":true}]}}