{"id":558,"date":"2024-02-22T16:29:03","date_gmt":"2024-02-22T15:29:03","guid":{"rendered":"https:\/\/paulinemonsallier.fr\/?page_id=558"},"modified":"2024-03-15T10:34:57","modified_gmt":"2024-03-15T09:34:57","slug":"identite-visuel","status":"publish","type":"page","link":"https:\/\/paulinemonsallier.fr\/?page_id=558","title":{"rendered":"identit\u00e9 visuelle"},"content":{"rendered":"\n\n\n<p>Proposition d&rsquo;identit\u00e9 visuelle pour un bar \u00e0 cocktail en Corse.<br><br><strong>Brief <\/strong>: Un bar \u00e0 cocktail veut moderniser sa carte pour la saison estivale.<br>Implant\u00e9 sur plusieurs plages en Corse, <strong>Andemu<\/strong> est un bar \u00e0 cocktail ressemblant \u00e0 une paillote.<br>Les habitu\u00e9s sirotent jus, cocktails et limonades les pieds dans le sable.<br><br>La g\u00e9rante \u00e0 besoin aussi d&rsquo;aide pour imaginer un cocktail phare de la nouvelle saison et proposer une nouvelle identit\u00e9 visuel.<br><strong>Besoins <\/strong>: R\u00e9aliser le logo du bar, imaginer le cocktail phare, concevoir la carte des boissons, proposer une nouvelle devanture et panneau.<br><strong>Contrainte<\/strong> : Utiliser la couleur jaune dans la charte graphique du bar.<br><br><\/p>\n\n\n\n<figure class=\"wp-block-image alignfull size-full\"><img loading=\"lazy\" decoding=\"async\" width=\"739\" height=\"940\" src=\"https:\/\/paulinemonsallier.fr\/wp-content\/uploads\/2024\/02\/identite-mise-en-page_HD_haut_1.png\" alt=\"\" class=\"wp-image-554\" srcset=\"https:\/\/paulinemonsallier.fr\/wp-content\/uploads\/2024\/02\/identite-mise-en-page_HD_haut_1.png 739w, https:\/\/paulinemonsallier.fr\/wp-content\/uploads\/2024\/02\/identite-mise-en-page_HD_haut_1-236x300.png 236w\" sizes=\"auto, (max-width: 739px) 100vw, 739px\" \/><\/figure>\n\n\n\n<figure class=\"wp-block-image alignfull size-full is-style-default\"><img loading=\"lazy\" decoding=\"async\" width=\"724\" height=\"961\" src=\"https:\/\/paulinemonsallier.fr\/wp-content\/uploads\/2024\/02\/identite-mise-en-page_HD_haut_2.png\" alt=\"\" class=\"wp-image-555\" srcset=\"https:\/\/paulinemonsallier.fr\/wp-content\/uploads\/2024\/02\/identite-mise-en-page_HD_haut_2.png 724w, https:\/\/paulinemonsallier.fr\/wp-content\/uploads\/2024\/02\/identite-mise-en-page_HD_haut_2-226x300.png 226w\" sizes=\"auto, (max-width: 724px) 100vw, 724px\" \/><\/figure>\n\n\n\n\n\n\n\n\n","protected":false},"excerpt":{"rendered":"<p>Proposition d&rsquo;identit\u00e9 visuelle pour un bar \u00e0 cocktail en Corse. Brief : Un bar \u00e0 cocktail veut moderniser sa carte pour la saison estivale.Implant\u00e9 sur plusieurs plages en Corse, Andemu est un bar \u00e0 cocktail ressemblant \u00e0 une paillote.Les habitu\u00e9s sirotent jus, cocktails et limonades les pieds dans le sable. La g\u00e9rante \u00e0 besoin aussi [&hellip;]<\/p>\n","protected":false},"author":1,"featured_media":0,"parent":0,"menu_order":0,"comment_status":"closed","ping_status":"closed","template":"","meta":{"saved_in_kubio":true,"footnotes":""},"class_list":["post-558","page","type-page","status-publish","hentry"],"kubio_ai_page_context":{"short_desc":"","purpose":"general"},"_links":{"self":[{"href":"https:\/\/paulinemonsallier.fr\/index.php?rest_route=\/wp\/v2\/pages\/558","targetHints":{"allow":["GET"]}}],"collection":[{"href":"https:\/\/paulinemonsallier.fr\/index.php?rest_route=\/wp\/v2\/pages"}],"about":[{"href":"https:\/\/paulinemonsallier.fr\/index.php?rest_route=\/wp\/v2\/types\/page"}],"author":[{"embeddable":true,"href":"https:\/\/paulinemonsallier.fr\/index.php?rest_route=\/wp\/v2\/users\/1"}],"replies":[{"embeddable":true,"href":"https:\/\/paulinemonsallier.fr\/index.php?rest_route=%2Fwp%2Fv2%2Fcomments&post=558"}],"version-history":[{"count":14,"href":"https:\/\/paulinemonsallier.fr\/index.php?rest_route=\/wp\/v2\/pages\/558\/revisions"}],"predecessor-version":[{"id":621,"href":"https:\/\/paulinemonsallier.fr\/index.php?rest_route=\/wp\/v2\/pages\/558\/revisions\/621"}],"wp:attachment":[{"href":"https:\/\/paulinemonsallier.fr\/index.php?rest_route=%2Fwp%2Fv2%2Fmedia&parent=558"}],"curies":[{"name":"wp","href":"https:\/\/api.w.org\/{rel}","templated":true}]}}