{"id":96,"date":"2023-11-06T15:51:44","date_gmt":"2023-11-06T14:51:44","guid":{"rendered":"http:\/\/192.168.1.111\/wordpress\/?page_id=96"},"modified":"2024-03-15T10:36:06","modified_gmt":"2024-03-15T09:36:06","slug":"site-web","status":"publish","type":"page","link":"https:\/\/paulinemonsallier.fr\/?page_id=96","title":{"rendered":"Site web"},"content":{"rendered":"\n\n\n<p>Proposition de site web r\u00e9alis\u00e9e pour les 40 ans de la marque fran\u00e7aise Marc Dorcel.<br>R\u00e9alis\u00e9e \u00e0 partir de photos d&rsquo;Helmut Newton et de mes illustrations.<br><\/p>\n\n\n\n<figure class=\"wp-block-image alignfull size-full\"><img loading=\"lazy\" decoding=\"async\" width=\"1080\" height=\"520\" src=\"https:\/\/portfolio.doazan.fr:4443\/wp-content\/uploads\/2023\/11\/page-marque-dorcel-1.png\" alt=\"\" class=\"wp-image-244\" srcset=\"https:\/\/paulinemonsallier.fr\/wp-content\/uploads\/2023\/11\/page-marque-dorcel-1.png 1080w, https:\/\/paulinemonsallier.fr\/wp-content\/uploads\/2023\/11\/page-marque-dorcel-1-300x144.png 300w, https:\/\/paulinemonsallier.fr\/wp-content\/uploads\/2023\/11\/page-marque-dorcel-1-1024x493.png 1024w, https:\/\/paulinemonsallier.fr\/wp-content\/uploads\/2023\/11\/page-marque-dorcel-1-768x370.png 768w\" sizes=\"auto, (max-width: 1080px) 100vw, 1080px\" \/><\/figure>\n\n\n\n<figure class=\"wp-block-image alignfull size-full\"><img loading=\"lazy\" decoding=\"async\" width=\"902\" height=\"1200\" src=\"https:\/\/paulinemonsallier.fr\/wp-content\/uploads\/2023\/11\/haut-du-site-dorcel-2.png\" alt=\"\" class=\"wp-image-410\" srcset=\"https:\/\/paulinemonsallier.fr\/wp-content\/uploads\/2023\/11\/haut-du-site-dorcel-2.png 902w, https:\/\/paulinemonsallier.fr\/wp-content\/uploads\/2023\/11\/haut-du-site-dorcel-2-226x300.png 226w, https:\/\/paulinemonsallier.fr\/wp-content\/uploads\/2023\/11\/haut-du-site-dorcel-2-770x1024.png 770w, https:\/\/paulinemonsallier.fr\/wp-content\/uploads\/2023\/11\/haut-du-site-dorcel-2-768x1022.png 768w, https:\/\/paulinemonsallier.fr\/wp-content\/uploads\/2023\/11\/haut-du-site-dorcel-2-812x1080.png 812w\" sizes=\"auto, (max-width: 902px) 100vw, 902px\" \/><\/figure>\n\n\n\n\n\n\n\n\n\n\n\n\n\n\n\n\n\n\n\n\n\n\n\n\n\n\n\n\n","protected":false},"excerpt":{"rendered":"<p>Proposition de site web r\u00e9alis\u00e9e pour les 40 ans de la marque fran\u00e7aise Marc Dorcel.R\u00e9alis\u00e9e \u00e0 partir de photos d&rsquo;Helmut Newton et de mes illustrations.<\/p>\n","protected":false},"author":1,"featured_media":0,"parent":0,"menu_order":0,"comment_status":"closed","ping_status":"closed","template":"","meta":{"saved_in_kubio":true,"footnotes":""},"class_list":["post-96","page","type-page","status-publish","hentry"],"kubio_ai_page_context":{"short_desc":"","purpose":"general"},"_links":{"self":[{"href":"https:\/\/paulinemonsallier.fr\/index.php?rest_route=\/wp\/v2\/pages\/96","targetHints":{"allow":["GET"]}}],"collection":[{"href":"https:\/\/paulinemonsallier.fr\/index.php?rest_route=\/wp\/v2\/pages"}],"about":[{"href":"https:\/\/paulinemonsallier.fr\/index.php?rest_route=\/wp\/v2\/types\/page"}],"author":[{"embeddable":true,"href":"https:\/\/paulinemonsallier.fr\/index.php?rest_route=\/wp\/v2\/users\/1"}],"replies":[{"embeddable":true,"href":"https:\/\/paulinemonsallier.fr\/index.php?rest_route=%2Fwp%2Fv2%2Fcomments&post=96"}],"version-history":[{"count":15,"href":"https:\/\/paulinemonsallier.fr\/index.php?rest_route=\/wp\/v2\/pages\/96\/revisions"}],"predecessor-version":[{"id":622,"href":"https:\/\/paulinemonsallier.fr\/index.php?rest_route=\/wp\/v2\/pages\/96\/revisions\/622"}],"wp:attachment":[{"href":"https:\/\/paulinemonsallier.fr\/index.php?rest_route=%2Fwp%2Fv2%2Fmedia&parent=96"}],"curies":[{"name":"wp","href":"https:\/\/api.w.org\/{rel}","templated":true}]}}